{"id":1220,"date":"2020-10-04T15:14:56","date_gmt":"2020-10-04T20:14:56","guid":{"rendered":"https:\/\/deli-flor.com\/store\/?post_type=product&#038;p=1220"},"modified":"2026-01-07T12:55:36","modified_gmt":"2026-01-07T18:55:36","slug":"pastel-especial-4","status":"publish","type":"product","link":"https:\/\/deli-flor.com\/store\/producto\/pastel-especial-4\/","title":{"rendered":"Pastel Nati"},"content":{"rendered":"<p><strong>SABOR: chocolate, zanahoria o almendra<\/strong><\/p>\n<p><strong>DECORACION: flores tonos a elegir.<\/strong><\/p>\n<p><strong>MEDIDA:15<\/strong><\/p>\n<p><strong>ALTURA: 15 cm<\/strong><\/p>\n<p><strong>NUMERO DE PERSONAS: 10 personas\/ salen 8 rebanadas altas<\/strong><\/p>\n<p>&nbsp;<\/p>\n<p><strong>*SOBRE PEDIDO, CON UN DIA DE ANTICIPACION.<\/strong><\/p>\n","protected":false},"excerpt":{"rendered":"<p>SABOR: chocolate, zanahoria o almendra DECORACION: flores tonos a elegir. MEDIDA:15 ALTURA: 15 cm NUMERO DE PERSONAS: 10 personas\/ salen 8 rebanadas altas &nbsp; *SOBRE PEDIDO, CON UN DIA DE ANTICIPACION.<\/p>\n","protected":false},"featured_media":1221,"template":"","meta":{"_themeisle_gutenberg_block_has_review":false,"_joinchat":[]},"product_brand":[],"product_cat":[21],"product_tag":[115],"class_list":{"0":"post-1220","1":"product","2":"type-product","3":"status-publish","4":"has-post-thumbnail","6":"product_cat-pasteles-especiales","7":"product_tag-pastel-especial","9":"first","10":"instock","11":"shipping-taxable","12":"purchasable","13":"product-type-simple"},"yoast_head":"<!-- This site is optimized with the Yoast SEO plugin v27.2 - https:\/\/yoast.com\/product\/yoast-seo-wordpress\/ -->\n<title>Pastel Nati - DELIFLOR<\/title>\n<meta name=\"description\" content=\"Env\u00eda Pasteles y flores a domicilio. Somos una tienda dedicada a crear detalles con dise\u00f1os exclusivos. Te ayudamos a crear la fusi\u00f3n Perfecta, elige entre nuestra gran variedad de productos como, flores, pasteles, plantas, peluches, dulces y muchas sorpresas m\u00e1s. Queremos Formar parte de tus momentos m\u00e1s especiales.\" \/>\n<meta name=\"robots\" content=\"index, follow, max-snippet:-1, max-image-preview:large, max-video-preview:-1\" \/>\n<link rel=\"canonical\" href=\"https:\/\/deli-flor.com\/store\/producto\/pastel-especial-4\/\" \/>\n<meta property=\"og:locale\" content=\"es_MX\" \/>\n<meta property=\"og:type\" content=\"article\" \/>\n<meta property=\"og:title\" content=\"Pastel Nati - DELIFLOR\" \/>\n<meta property=\"og:description\" content=\"Env\u00eda Pasteles y flores a domicilio. Somos una tienda dedicada a crear detalles con dise\u00f1os exclusivos. Te ayudamos a crear la fusi\u00f3n Perfecta, elige entre nuestra gran variedad de productos como, flores, pasteles, plantas, peluches, dulces y muchas sorpresas m\u00e1s. Queremos Formar parte de tus momentos m\u00e1s especiales.\" \/>\n<meta property=\"og:url\" content=\"https:\/\/deli-flor.com\/store\/producto\/pastel-especial-4\/\" \/>\n<meta property=\"og:site_name\" content=\"DELIFLOR\" \/>\n<meta property=\"article:modified_time\" content=\"2026-01-07T18:55:36+00:00\" \/>\n<meta property=\"og:image\" content=\"https:\/\/deli-flor.com\/store\/wp-content\/uploads\/2020\/10\/pastel-4.jpg\" \/>\n\t<meta property=\"og:image:width\" content=\"960\" \/>\n\t<meta property=\"og:image:height\" content=\"1280\" \/>\n\t<meta property=\"og:image:type\" content=\"image\/jpeg\" \/>\n<meta name=\"twitter:card\" content=\"summary_large_image\" \/>\n<meta name=\"twitter:label1\" content=\"Tiempo de lectura\" \/>\n\t<meta name=\"twitter:data1\" content=\"1 minuto\" \/>\n<script type=\"application\/ld+json\" class=\"yoast-schema-graph\">{\"@context\":\"https:\/\/schema.org\",\"@graph\":[{\"@type\":\"WebPage\",\"@id\":\"https:\/\/deli-flor.com\/store\/producto\/pastel-especial-4\/\",\"url\":\"https:\/\/deli-flor.com\/store\/producto\/pastel-especial-4\/\",\"name\":\"Pastel Nati - DELIFLOR\",\"isPartOf\":{\"@id\":\"https:\/\/deli-flor.com\/store\/#website\"},\"primaryImageOfPage\":{\"@id\":\"https:\/\/deli-flor.com\/store\/producto\/pastel-especial-4\/#primaryimage\"},\"image\":{\"@id\":\"https:\/\/deli-flor.com\/store\/producto\/pastel-especial-4\/#primaryimage\"},\"thumbnailUrl\":\"https:\/\/i0.wp.com\/deli-flor.com\/store\/wp-content\/uploads\/2020\/10\/pastel-4.jpg?fit=960%2C1280&ssl=1\",\"datePublished\":\"2020-10-04T20:14:56+00:00\",\"dateModified\":\"2026-01-07T18:55:36+00:00\",\"description\":\"Env\u00eda Pasteles y flores a domicilio. Somos una tienda dedicada a crear detalles con dise\u00f1os exclusivos. Te ayudamos a crear la fusi\u00f3n Perfecta, elige entre nuestra gran variedad de productos como, flores, pasteles, plantas, peluches, dulces y muchas sorpresas m\u00e1s. Queremos Formar parte de tus momentos m\u00e1s especiales.\",\"breadcrumb\":{\"@id\":\"https:\/\/deli-flor.com\/store\/producto\/pastel-especial-4\/#breadcrumb\"},\"inLanguage\":\"es\",\"potentialAction\":[{\"@type\":\"ReadAction\",\"target\":[\"https:\/\/deli-flor.com\/store\/producto\/pastel-especial-4\/\"]}]},{\"@type\":\"ImageObject\",\"inLanguage\":\"es\",\"@id\":\"https:\/\/deli-flor.com\/store\/producto\/pastel-especial-4\/#primaryimage\",\"url\":\"https:\/\/i0.wp.com\/deli-flor.com\/store\/wp-content\/uploads\/2020\/10\/pastel-4.jpg?fit=960%2C1280&ssl=1\",\"contentUrl\":\"https:\/\/i0.wp.com\/deli-flor.com\/store\/wp-content\/uploads\/2020\/10\/pastel-4.jpg?fit=960%2C1280&ssl=1\",\"width\":960,\"height\":1280},{\"@type\":\"BreadcrumbList\",\"@id\":\"https:\/\/deli-flor.com\/store\/producto\/pastel-especial-4\/#breadcrumb\",\"itemListElement\":[{\"@type\":\"ListItem\",\"position\":1,\"name\":\"Home\",\"item\":\"https:\/\/deli-flor.com\/store\/\"},{\"@type\":\"ListItem\",\"position\":2,\"name\":\"Nuestras colecciones\",\"item\":\"https:\/\/deli-flor.com\/store\/colecciones\/\"},{\"@type\":\"ListItem\",\"position\":3,\"name\":\"Pastel Nati\"}]},{\"@type\":\"WebSite\",\"@id\":\"https:\/\/deli-flor.com\/store\/#website\",\"url\":\"https:\/\/deli-flor.com\/store\/\",\"name\":\"DELIFLOR\",\"description\":\"Flowers &amp; Cakes\",\"publisher\":{\"@id\":\"https:\/\/deli-flor.com\/store\/#organization\"},\"potentialAction\":[{\"@type\":\"SearchAction\",\"target\":{\"@type\":\"EntryPoint\",\"urlTemplate\":\"https:\/\/deli-flor.com\/store\/?s={search_term_string}\"},\"query-input\":{\"@type\":\"PropertyValueSpecification\",\"valueRequired\":true,\"valueName\":\"search_term_string\"}}],\"inLanguage\":\"es\"},{\"@type\":\"Organization\",\"@id\":\"https:\/\/deli-flor.com\/store\/#organization\",\"name\":\"DELI-FLOR\",\"url\":\"https:\/\/deli-flor.com\/store\/\",\"logo\":{\"@type\":\"ImageObject\",\"inLanguage\":\"es\",\"@id\":\"https:\/\/deli-flor.com\/store\/#\/schema\/logo\/image\/\",\"url\":\"https:\/\/i2.wp.com\/deli-flor.com\/store\/wp-content\/uploads\/2020\/09\/delifi.png?fit=2137%2C620&ssl=1\",\"contentUrl\":\"https:\/\/i2.wp.com\/deli-flor.com\/store\/wp-content\/uploads\/2020\/09\/delifi.png?fit=2137%2C620&ssl=1\",\"width\":2137,\"height\":620,\"caption\":\"DELI-FLOR\"},\"image\":{\"@id\":\"https:\/\/deli-flor.com\/store\/#\/schema\/logo\/image\/\"}}]}<\/script>\n<!-- \/ Yoast SEO plugin. -->","yoast_head_json":{"title":"Pastel Nati - DELIFLOR","description":"Env\u00eda Pasteles y flores a domicilio. Somos una tienda dedicada a crear detalles con dise\u00f1os exclusivos. Te ayudamos a crear la fusi\u00f3n Perfecta, elige entre nuestra gran variedad de productos como, flores, pasteles, plantas, peluches, dulces y muchas sorpresas m\u00e1s. Queremos Formar parte de tus momentos m\u00e1s especiales.","robots":{"index":"index","follow":"follow","max-snippet":"max-snippet:-1","max-image-preview":"max-image-preview:large","max-video-preview":"max-video-preview:-1"},"canonical":"https:\/\/deli-flor.com\/store\/producto\/pastel-especial-4\/","og_locale":"es_MX","og_type":"article","og_title":"Pastel Nati - DELIFLOR","og_description":"Env\u00eda Pasteles y flores a domicilio. Somos una tienda dedicada a crear detalles con dise\u00f1os exclusivos. Te ayudamos a crear la fusi\u00f3n Perfecta, elige entre nuestra gran variedad de productos como, flores, pasteles, plantas, peluches, dulces y muchas sorpresas m\u00e1s. Queremos Formar parte de tus momentos m\u00e1s especiales.","og_url":"https:\/\/deli-flor.com\/store\/producto\/pastel-especial-4\/","og_site_name":"DELIFLOR","article_modified_time":"2026-01-07T18:55:36+00:00","og_image":[{"width":960,"height":1280,"url":"https:\/\/deli-flor.com\/store\/wp-content\/uploads\/2020\/10\/pastel-4.jpg","type":"image\/jpeg"}],"twitter_card":"summary_large_image","twitter_misc":{"Tiempo de lectura":"1 minuto"},"schema":{"@context":"https:\/\/schema.org","@graph":[{"@type":"WebPage","@id":"https:\/\/deli-flor.com\/store\/producto\/pastel-especial-4\/","url":"https:\/\/deli-flor.com\/store\/producto\/pastel-especial-4\/","name":"Pastel Nati - DELIFLOR","isPartOf":{"@id":"https:\/\/deli-flor.com\/store\/#website"},"primaryImageOfPage":{"@id":"https:\/\/deli-flor.com\/store\/producto\/pastel-especial-4\/#primaryimage"},"image":{"@id":"https:\/\/deli-flor.com\/store\/producto\/pastel-especial-4\/#primaryimage"},"thumbnailUrl":"https:\/\/i0.wp.com\/deli-flor.com\/store\/wp-content\/uploads\/2020\/10\/pastel-4.jpg?fit=960%2C1280&ssl=1","datePublished":"2020-10-04T20:14:56+00:00","dateModified":"2026-01-07T18:55:36+00:00","description":"Env\u00eda Pasteles y flores a domicilio. Somos una tienda dedicada a crear detalles con dise\u00f1os exclusivos. Te ayudamos a crear la fusi\u00f3n Perfecta, elige entre nuestra gran variedad de productos como, flores, pasteles, plantas, peluches, dulces y muchas sorpresas m\u00e1s. Queremos Formar parte de tus momentos m\u00e1s especiales.","breadcrumb":{"@id":"https:\/\/deli-flor.com\/store\/producto\/pastel-especial-4\/#breadcrumb"},"inLanguage":"es","potentialAction":[{"@type":"ReadAction","target":["https:\/\/deli-flor.com\/store\/producto\/pastel-especial-4\/"]}]},{"@type":"ImageObject","inLanguage":"es","@id":"https:\/\/deli-flor.com\/store\/producto\/pastel-especial-4\/#primaryimage","url":"https:\/\/i0.wp.com\/deli-flor.com\/store\/wp-content\/uploads\/2020\/10\/pastel-4.jpg?fit=960%2C1280&ssl=1","contentUrl":"https:\/\/i0.wp.com\/deli-flor.com\/store\/wp-content\/uploads\/2020\/10\/pastel-4.jpg?fit=960%2C1280&ssl=1","width":960,"height":1280},{"@type":"BreadcrumbList","@id":"https:\/\/deli-flor.com\/store\/producto\/pastel-especial-4\/#breadcrumb","itemListElement":[{"@type":"ListItem","position":1,"name":"Home","item":"https:\/\/deli-flor.com\/store\/"},{"@type":"ListItem","position":2,"name":"Nuestras colecciones","item":"https:\/\/deli-flor.com\/store\/colecciones\/"},{"@type":"ListItem","position":3,"name":"Pastel Nati"}]},{"@type":"WebSite","@id":"https:\/\/deli-flor.com\/store\/#website","url":"https:\/\/deli-flor.com\/store\/","name":"DELIFLOR","description":"Flowers &amp; Cakes","publisher":{"@id":"https:\/\/deli-flor.com\/store\/#organization"},"potentialAction":[{"@type":"SearchAction","target":{"@type":"EntryPoint","urlTemplate":"https:\/\/deli-flor.com\/store\/?s={search_term_string}"},"query-input":{"@type":"PropertyValueSpecification","valueRequired":true,"valueName":"search_term_string"}}],"inLanguage":"es"},{"@type":"Organization","@id":"https:\/\/deli-flor.com\/store\/#organization","name":"DELI-FLOR","url":"https:\/\/deli-flor.com\/store\/","logo":{"@type":"ImageObject","inLanguage":"es","@id":"https:\/\/deli-flor.com\/store\/#\/schema\/logo\/image\/","url":"https:\/\/i2.wp.com\/deli-flor.com\/store\/wp-content\/uploads\/2020\/09\/delifi.png?fit=2137%2C620&ssl=1","contentUrl":"https:\/\/i2.wp.com\/deli-flor.com\/store\/wp-content\/uploads\/2020\/09\/delifi.png?fit=2137%2C620&ssl=1","width":2137,"height":620,"caption":"DELI-FLOR"},"image":{"@id":"https:\/\/deli-flor.com\/store\/#\/schema\/logo\/image\/"}}]}},"jetpack_sharing_enabled":true,"_links":{"self":[{"href":"https:\/\/deli-flor.com\/store\/wp-json\/wp\/v2\/product\/1220","targetHints":{"allow":["GET"]}}],"collection":[{"href":"https:\/\/deli-flor.com\/store\/wp-json\/wp\/v2\/product"}],"about":[{"href":"https:\/\/deli-flor.com\/store\/wp-json\/wp\/v2\/types\/product"}],"version-history":[{"count":9,"href":"https:\/\/deli-flor.com\/store\/wp-json\/wp\/v2\/product\/1220\/revisions"}],"predecessor-version":[{"id":6200,"href":"https:\/\/deli-flor.com\/store\/wp-json\/wp\/v2\/product\/1220\/revisions\/6200"}],"wp:featuredmedia":[{"embeddable":true,"href":"https:\/\/deli-flor.com\/store\/wp-json\/wp\/v2\/media\/1221"}],"wp:attachment":[{"href":"https:\/\/deli-flor.com\/store\/wp-json\/wp\/v2\/media?parent=1220"}],"wp:term":[{"taxonomy":"product_brand","embeddable":true,"href":"https:\/\/deli-flor.com\/store\/wp-json\/wp\/v2\/product_brand?post=1220"},{"taxonomy":"product_cat","embeddable":true,"href":"https:\/\/deli-flor.com\/store\/wp-json\/wp\/v2\/product_cat?post=1220"},{"taxonomy":"product_tag","embeddable":true,"href":"https:\/\/deli-flor.com\/store\/wp-json\/wp\/v2\/product_tag?post=1220"}],"curies":[{"name":"wp","href":"https:\/\/api.w.org\/{rel}","templated":true}]}}