{"id":3570,"date":"2022-05-01T18:55:39","date_gmt":"2022-05-01T23:55:39","guid":{"rendered":"https:\/\/deli-flor.com\/store\/?post_type=product&#038;p=3570"},"modified":"2025-02-16T19:54:14","modified_gmt":"2025-02-17T01:54:14","slug":"pastel-estampado","status":"publish","type":"product","link":"https:\/\/deli-flor.com\/store\/producto\/pastel-estampado\/","title":{"rendered":"Pastel Estampa (10P)"},"content":{"rendered":"<p><strong>SABOR: Chocolate, zanahoria o almendra<\/strong><\/p>\n<p><strong>DECORACION: Flores tonos a elegir\/ bet\u00fan estampado<\/strong><\/p>\n<p><strong>MEDIDA: 15 cm<\/strong><\/p>\n<p><strong>ALTURA: 15<\/strong><\/p>\n<p><strong>NUMERO DE PERSONAS: 10\/ 8 rebanadas altas.\u00a0<\/strong><\/p>\n<h5><strong>*NO INCLUYE TOPPER<\/strong><\/h5>\n","protected":false},"excerpt":{"rendered":"<p>SABOR: Chocolate, zanahoria o almendra DECORACION: Flores tonos a elegir\/ bet\u00fan estampado MEDIDA: 15 cm ALTURA: 15 NUMERO DE PERSONAS: 10\/ 8 rebanadas altas.\u00a0 *NO INCLUYE TOPPER<\/p>\n","protected":false},"featured_media":3571,"template":"","meta":{"_themeisle_gutenberg_block_has_review":false,"_joinchat":[]},"product_brand":[],"product_cat":[21],"product_tag":[120],"class_list":{"0":"post-3570","1":"product","2":"type-product","3":"status-publish","4":"has-post-thumbnail","6":"product_cat-pasteles-especiales","7":"product_tag-pasteles-especiales","9":"first","10":"instock","11":"shipping-taxable","12":"purchasable","13":"product-type-simple"},"yoast_head":"<!-- This site is optimized with the Yoast SEO plugin v27.2 - https:\/\/yoast.com\/product\/yoast-seo-wordpress\/ -->\n<title>Pastel Estampa (10P) - DELIFLOR<\/title>\n<meta name=\"description\" content=\"Env\u00eda Pasteles y flores a domicilio. Somos una tienda dedicada a crear detalles con dise\u00f1os exclusivos. Te ayudamos a crear la fusi\u00f3n Perfecta, elige entre nuestra gran variedad de productos como, flores, pasteles, plantas, peluches, dulces y muchas sorpresas m\u00e1s. Queremos Formar parte de tus momentos m\u00e1s especiales.\" \/>\n<meta name=\"robots\" content=\"index, follow, max-snippet:-1, max-image-preview:large, max-video-preview:-1\" \/>\n<link rel=\"canonical\" href=\"https:\/\/deli-flor.com\/store\/producto\/pastel-estampado\/\" \/>\n<meta property=\"og:locale\" content=\"es_MX\" \/>\n<meta property=\"og:type\" content=\"article\" \/>\n<meta property=\"og:title\" content=\"Pastel Estampa (10P) - DELIFLOR\" \/>\n<meta property=\"og:description\" content=\"Env\u00eda Pasteles y flores a domicilio. Somos una tienda dedicada a crear detalles con dise\u00f1os exclusivos. Te ayudamos a crear la fusi\u00f3n Perfecta, elige entre nuestra gran variedad de productos como, flores, pasteles, plantas, peluches, dulces y muchas sorpresas m\u00e1s. Queremos Formar parte de tus momentos m\u00e1s especiales.\" \/>\n<meta property=\"og:url\" content=\"https:\/\/deli-flor.com\/store\/producto\/pastel-estampado\/\" \/>\n<meta property=\"og:site_name\" content=\"DELIFLOR\" \/>\n<meta property=\"article:modified_time\" content=\"2025-02-17T01:54:14+00:00\" \/>\n<meta property=\"og:image\" content=\"https:\/\/i0.wp.com\/deli-flor.com\/store\/wp-content\/uploads\/2022\/05\/simbolico.jpeg?fit=1200%2C1600&ssl=1\" \/>\n\t<meta property=\"og:image:width\" content=\"1200\" \/>\n\t<meta property=\"og:image:height\" content=\"1600\" \/>\n\t<meta property=\"og:image:type\" content=\"image\/jpeg\" \/>\n<meta name=\"twitter:card\" content=\"summary_large_image\" \/>\n<meta name=\"twitter:label1\" content=\"Tiempo de lectura\" \/>\n\t<meta name=\"twitter:data1\" content=\"1 minuto\" \/>\n<script type=\"application\/ld+json\" class=\"yoast-schema-graph\">{\"@context\":\"https:\/\/schema.org\",\"@graph\":[{\"@type\":\"WebPage\",\"@id\":\"https:\/\/deli-flor.com\/store\/producto\/pastel-estampado\/\",\"url\":\"https:\/\/deli-flor.com\/store\/producto\/pastel-estampado\/\",\"name\":\"Pastel Estampa (10P) - DELIFLOR\",\"isPartOf\":{\"@id\":\"https:\/\/deli-flor.com\/store\/#website\"},\"primaryImageOfPage\":{\"@id\":\"https:\/\/deli-flor.com\/store\/producto\/pastel-estampado\/#primaryimage\"},\"image\":{\"@id\":\"https:\/\/deli-flor.com\/store\/producto\/pastel-estampado\/#primaryimage\"},\"thumbnailUrl\":\"https:\/\/i0.wp.com\/deli-flor.com\/store\/wp-content\/uploads\/2022\/05\/simbolico.jpeg?fit=1200%2C1600&ssl=1\",\"datePublished\":\"2022-05-01T23:55:39+00:00\",\"dateModified\":\"2025-02-17T01:54:14+00:00\",\"description\":\"Env\u00eda Pasteles y flores a domicilio. Somos una tienda dedicada a crear detalles con dise\u00f1os exclusivos. Te ayudamos a crear la fusi\u00f3n Perfecta, elige entre nuestra gran variedad de productos como, flores, pasteles, plantas, peluches, dulces y muchas sorpresas m\u00e1s. Queremos Formar parte de tus momentos m\u00e1s especiales.\",\"breadcrumb\":{\"@id\":\"https:\/\/deli-flor.com\/store\/producto\/pastel-estampado\/#breadcrumb\"},\"inLanguage\":\"es\",\"potentialAction\":[{\"@type\":\"ReadAction\",\"target\":[\"https:\/\/deli-flor.com\/store\/producto\/pastel-estampado\/\"]}]},{\"@type\":\"ImageObject\",\"inLanguage\":\"es\",\"@id\":\"https:\/\/deli-flor.com\/store\/producto\/pastel-estampado\/#primaryimage\",\"url\":\"https:\/\/i0.wp.com\/deli-flor.com\/store\/wp-content\/uploads\/2022\/05\/simbolico.jpeg?fit=1200%2C1600&ssl=1\",\"contentUrl\":\"https:\/\/i0.wp.com\/deli-flor.com\/store\/wp-content\/uploads\/2022\/05\/simbolico.jpeg?fit=1200%2C1600&ssl=1\",\"width\":1200,\"height\":1600},{\"@type\":\"BreadcrumbList\",\"@id\":\"https:\/\/deli-flor.com\/store\/producto\/pastel-estampado\/#breadcrumb\",\"itemListElement\":[{\"@type\":\"ListItem\",\"position\":1,\"name\":\"Home\",\"item\":\"https:\/\/deli-flor.com\/store\/\"},{\"@type\":\"ListItem\",\"position\":2,\"name\":\"Nuestras colecciones\",\"item\":\"https:\/\/deli-flor.com\/store\/colecciones\/\"},{\"@type\":\"ListItem\",\"position\":3,\"name\":\"Pastel Estampa (10P)\"}]},{\"@type\":\"WebSite\",\"@id\":\"https:\/\/deli-flor.com\/store\/#website\",\"url\":\"https:\/\/deli-flor.com\/store\/\",\"name\":\"DELIFLOR\",\"description\":\"Flowers &amp; Cakes\",\"publisher\":{\"@id\":\"https:\/\/deli-flor.com\/store\/#organization\"},\"potentialAction\":[{\"@type\":\"SearchAction\",\"target\":{\"@type\":\"EntryPoint\",\"urlTemplate\":\"https:\/\/deli-flor.com\/store\/?s={search_term_string}\"},\"query-input\":{\"@type\":\"PropertyValueSpecification\",\"valueRequired\":true,\"valueName\":\"search_term_string\"}}],\"inLanguage\":\"es\"},{\"@type\":\"Organization\",\"@id\":\"https:\/\/deli-flor.com\/store\/#organization\",\"name\":\"DELI-FLOR\",\"url\":\"https:\/\/deli-flor.com\/store\/\",\"logo\":{\"@type\":\"ImageObject\",\"inLanguage\":\"es\",\"@id\":\"https:\/\/deli-flor.com\/store\/#\/schema\/logo\/image\/\",\"url\":\"https:\/\/i2.wp.com\/deli-flor.com\/store\/wp-content\/uploads\/2020\/09\/delifi.png?fit=2137%2C620&ssl=1\",\"contentUrl\":\"https:\/\/i2.wp.com\/deli-flor.com\/store\/wp-content\/uploads\/2020\/09\/delifi.png?fit=2137%2C620&ssl=1\",\"width\":2137,\"height\":620,\"caption\":\"DELI-FLOR\"},\"image\":{\"@id\":\"https:\/\/deli-flor.com\/store\/#\/schema\/logo\/image\/\"}}]}<\/script>\n<!-- \/ Yoast SEO plugin. -->","yoast_head_json":{"title":"Pastel Estampa (10P) - DELIFLOR","description":"Env\u00eda Pasteles y flores a domicilio. Somos una tienda dedicada a crear detalles con dise\u00f1os exclusivos. Te ayudamos a crear la fusi\u00f3n Perfecta, elige entre nuestra gran variedad de productos como, flores, pasteles, plantas, peluches, dulces y muchas sorpresas m\u00e1s. Queremos Formar parte de tus momentos m\u00e1s especiales.","robots":{"index":"index","follow":"follow","max-snippet":"max-snippet:-1","max-image-preview":"max-image-preview:large","max-video-preview":"max-video-preview:-1"},"canonical":"https:\/\/deli-flor.com\/store\/producto\/pastel-estampado\/","og_locale":"es_MX","og_type":"article","og_title":"Pastel Estampa (10P) - DELIFLOR","og_description":"Env\u00eda Pasteles y flores a domicilio. Somos una tienda dedicada a crear detalles con dise\u00f1os exclusivos. Te ayudamos a crear la fusi\u00f3n Perfecta, elige entre nuestra gran variedad de productos como, flores, pasteles, plantas, peluches, dulces y muchas sorpresas m\u00e1s. Queremos Formar parte de tus momentos m\u00e1s especiales.","og_url":"https:\/\/deli-flor.com\/store\/producto\/pastel-estampado\/","og_site_name":"DELIFLOR","article_modified_time":"2025-02-17T01:54:14+00:00","og_image":[{"width":1200,"height":1600,"url":"https:\/\/i0.wp.com\/deli-flor.com\/store\/wp-content\/uploads\/2022\/05\/simbolico.jpeg?fit=1200%2C1600&ssl=1","type":"image\/jpeg"}],"twitter_card":"summary_large_image","twitter_misc":{"Tiempo de lectura":"1 minuto"},"schema":{"@context":"https:\/\/schema.org","@graph":[{"@type":"WebPage","@id":"https:\/\/deli-flor.com\/store\/producto\/pastel-estampado\/","url":"https:\/\/deli-flor.com\/store\/producto\/pastel-estampado\/","name":"Pastel Estampa (10P) - DELIFLOR","isPartOf":{"@id":"https:\/\/deli-flor.com\/store\/#website"},"primaryImageOfPage":{"@id":"https:\/\/deli-flor.com\/store\/producto\/pastel-estampado\/#primaryimage"},"image":{"@id":"https:\/\/deli-flor.com\/store\/producto\/pastel-estampado\/#primaryimage"},"thumbnailUrl":"https:\/\/i0.wp.com\/deli-flor.com\/store\/wp-content\/uploads\/2022\/05\/simbolico.jpeg?fit=1200%2C1600&ssl=1","datePublished":"2022-05-01T23:55:39+00:00","dateModified":"2025-02-17T01:54:14+00:00","description":"Env\u00eda Pasteles y flores a domicilio. Somos una tienda dedicada a crear detalles con dise\u00f1os exclusivos. Te ayudamos a crear la fusi\u00f3n Perfecta, elige entre nuestra gran variedad de productos como, flores, pasteles, plantas, peluches, dulces y muchas sorpresas m\u00e1s. Queremos Formar parte de tus momentos m\u00e1s especiales.","breadcrumb":{"@id":"https:\/\/deli-flor.com\/store\/producto\/pastel-estampado\/#breadcrumb"},"inLanguage":"es","potentialAction":[{"@type":"ReadAction","target":["https:\/\/deli-flor.com\/store\/producto\/pastel-estampado\/"]}]},{"@type":"ImageObject","inLanguage":"es","@id":"https:\/\/deli-flor.com\/store\/producto\/pastel-estampado\/#primaryimage","url":"https:\/\/i0.wp.com\/deli-flor.com\/store\/wp-content\/uploads\/2022\/05\/simbolico.jpeg?fit=1200%2C1600&ssl=1","contentUrl":"https:\/\/i0.wp.com\/deli-flor.com\/store\/wp-content\/uploads\/2022\/05\/simbolico.jpeg?fit=1200%2C1600&ssl=1","width":1200,"height":1600},{"@type":"BreadcrumbList","@id":"https:\/\/deli-flor.com\/store\/producto\/pastel-estampado\/#breadcrumb","itemListElement":[{"@type":"ListItem","position":1,"name":"Home","item":"https:\/\/deli-flor.com\/store\/"},{"@type":"ListItem","position":2,"name":"Nuestras colecciones","item":"https:\/\/deli-flor.com\/store\/colecciones\/"},{"@type":"ListItem","position":3,"name":"Pastel Estampa (10P)"}]},{"@type":"WebSite","@id":"https:\/\/deli-flor.com\/store\/#website","url":"https:\/\/deli-flor.com\/store\/","name":"DELIFLOR","description":"Flowers &amp; Cakes","publisher":{"@id":"https:\/\/deli-flor.com\/store\/#organization"},"potentialAction":[{"@type":"SearchAction","target":{"@type":"EntryPoint","urlTemplate":"https:\/\/deli-flor.com\/store\/?s={search_term_string}"},"query-input":{"@type":"PropertyValueSpecification","valueRequired":true,"valueName":"search_term_string"}}],"inLanguage":"es"},{"@type":"Organization","@id":"https:\/\/deli-flor.com\/store\/#organization","name":"DELI-FLOR","url":"https:\/\/deli-flor.com\/store\/","logo":{"@type":"ImageObject","inLanguage":"es","@id":"https:\/\/deli-flor.com\/store\/#\/schema\/logo\/image\/","url":"https:\/\/i2.wp.com\/deli-flor.com\/store\/wp-content\/uploads\/2020\/09\/delifi.png?fit=2137%2C620&ssl=1","contentUrl":"https:\/\/i2.wp.com\/deli-flor.com\/store\/wp-content\/uploads\/2020\/09\/delifi.png?fit=2137%2C620&ssl=1","width":2137,"height":620,"caption":"DELI-FLOR"},"image":{"@id":"https:\/\/deli-flor.com\/store\/#\/schema\/logo\/image\/"}}]}},"jetpack_sharing_enabled":true,"_links":{"self":[{"href":"https:\/\/deli-flor.com\/store\/wp-json\/wp\/v2\/product\/3570","targetHints":{"allow":["GET"]}}],"collection":[{"href":"https:\/\/deli-flor.com\/store\/wp-json\/wp\/v2\/product"}],"about":[{"href":"https:\/\/deli-flor.com\/store\/wp-json\/wp\/v2\/types\/product"}],"version-history":[{"count":8,"href":"https:\/\/deli-flor.com\/store\/wp-json\/wp\/v2\/product\/3570\/revisions"}],"predecessor-version":[{"id":4787,"href":"https:\/\/deli-flor.com\/store\/wp-json\/wp\/v2\/product\/3570\/revisions\/4787"}],"wp:featuredmedia":[{"embeddable":true,"href":"https:\/\/deli-flor.com\/store\/wp-json\/wp\/v2\/media\/3571"}],"wp:attachment":[{"href":"https:\/\/deli-flor.com\/store\/wp-json\/wp\/v2\/media?parent=3570"}],"wp:term":[{"taxonomy":"product_brand","embeddable":true,"href":"https:\/\/deli-flor.com\/store\/wp-json\/wp\/v2\/product_brand?post=3570"},{"taxonomy":"product_cat","embeddable":true,"href":"https:\/\/deli-flor.com\/store\/wp-json\/wp\/v2\/product_cat?post=3570"},{"taxonomy":"product_tag","embeddable":true,"href":"https:\/\/deli-flor.com\/store\/wp-json\/wp\/v2\/product_tag?post=3570"}],"curies":[{"name":"wp","href":"https:\/\/api.w.org\/{rel}","templated":true}]}}