{"id":961,"date":"2020-09-22T12:44:05","date_gmt":"2020-09-22T17:44:05","guid":{"rendered":"https:\/\/deli-flor.com\/store\/?post_type=product&#038;p=961"},"modified":"2025-05-11T16:15:58","modified_gmt":"2025-05-11T22:15:58","slug":"duo-corazon-de-almendra","status":"publish","type":"product","link":"https:\/\/deli-flor.com\/store\/producto\/duo-corazon-de-almendra\/","title":{"rendered":"Duo Coraz\u00f3n de Almendra"},"content":{"rendered":"<p>Hermoso detalle de duo en forma de coraz\u00f3n, mitad pastel sabor almendra y mitad arreglo floral, el pastel es para 15 personas.<\/p>\n<ul>\n<li><strong>Si ordena antes de las 11 se entrega el mismo d\u00eda<\/strong><\/li>\n<li>Si ordenas despu\u00e9s de las 11 se entrega al d\u00eda siguiente.<\/li>\n<\/ul>\n","protected":false},"excerpt":{"rendered":"<p>Hermoso detalle de duo en forma de coraz\u00f3n, mitad pastel sabor almendra y mitad arreglo floral, el pastel es para 15 personas. Si ordena antes de las 11 se entrega el mismo d\u00eda Si ordenas despu\u00e9s de las 11 se entrega al d\u00eda siguiente.<\/p>\n","protected":false},"featured_media":962,"template":"","meta":{"_themeisle_gutenberg_block_has_review":false,"_joinchat":[]},"product_brand":[],"product_cat":[43],"product_tag":[73,45,70,47,29],"class_list":{"0":"post-961","1":"product","2":"type-product","3":"status-publish","4":"has-post-thumbnail","6":"product_cat-fusiones","7":"product_tag-corazon","8":"product_tag-cumpleanos","9":"product_tag-fusiones","10":"product_tag-ocasiones","11":"product_tag-para-ella","13":"first","14":"instock","15":"shipping-taxable","16":"purchasable","17":"product-type-simple"},"yoast_head":"<!-- This site is optimized with the Yoast SEO plugin v27.2 - https:\/\/yoast.com\/product\/yoast-seo-wordpress\/ -->\n<title>Duo Coraz\u00f3n de Almendra - DELIFLOR<\/title>\n<meta name=\"description\" content=\"Env\u00eda Pasteles y flores a domicilio. Somos una tienda dedicada a crear detalles con dise\u00f1os exclusivos. Te ayudamos a crear la fusi\u00f3n Perfecta, elige entre nuestra gran variedad de productos como, flores, pasteles, plantas, peluches, dulces y muchas sorpresas m\u00e1s. Queremos Formar parte de tus momentos m\u00e1s especiales.\" \/>\n<meta name=\"robots\" content=\"index, follow, max-snippet:-1, max-image-preview:large, max-video-preview:-1\" \/>\n<link rel=\"canonical\" href=\"https:\/\/deli-flor.com\/store\/producto\/duo-corazon-de-almendra\/\" \/>\n<meta property=\"og:locale\" content=\"es_MX\" \/>\n<meta property=\"og:type\" content=\"article\" \/>\n<meta property=\"og:title\" content=\"Duo Coraz\u00f3n de Almendra - DELIFLOR\" \/>\n<meta property=\"og:description\" content=\"Env\u00eda Pasteles y flores a domicilio. Somos una tienda dedicada a crear detalles con dise\u00f1os exclusivos. Te ayudamos a crear la fusi\u00f3n Perfecta, elige entre nuestra gran variedad de productos como, flores, pasteles, plantas, peluches, dulces y muchas sorpresas m\u00e1s. Queremos Formar parte de tus momentos m\u00e1s especiales.\" \/>\n<meta property=\"og:url\" content=\"https:\/\/deli-flor.com\/store\/producto\/duo-corazon-de-almendra\/\" \/>\n<meta property=\"og:site_name\" content=\"DELIFLOR\" \/>\n<meta property=\"article:modified_time\" content=\"2025-05-11T22:15:58+00:00\" \/>\n<meta property=\"og:image\" content=\"https:\/\/i0.wp.com\/deli-flor.com\/store\/wp-content\/uploads\/2020\/09\/fusion-duo-corazon-almendra.jpg?fit=764%2C671&ssl=1\" \/>\n\t<meta property=\"og:image:width\" content=\"764\" \/>\n\t<meta property=\"og:image:height\" content=\"671\" \/>\n\t<meta property=\"og:image:type\" content=\"image\/jpeg\" \/>\n<meta name=\"twitter:card\" content=\"summary_large_image\" \/>\n<meta name=\"twitter:label1\" content=\"Tiempo de lectura\" \/>\n\t<meta name=\"twitter:data1\" content=\"1 minuto\" \/>\n<script type=\"application\/ld+json\" class=\"yoast-schema-graph\">{\"@context\":\"https:\/\/schema.org\",\"@graph\":[{\"@type\":\"WebPage\",\"@id\":\"https:\/\/deli-flor.com\/store\/producto\/duo-corazon-de-almendra\/\",\"url\":\"https:\/\/deli-flor.com\/store\/producto\/duo-corazon-de-almendra\/\",\"name\":\"Duo Coraz\u00f3n de Almendra - DELIFLOR\",\"isPartOf\":{\"@id\":\"https:\/\/deli-flor.com\/store\/#website\"},\"primaryImageOfPage\":{\"@id\":\"https:\/\/deli-flor.com\/store\/producto\/duo-corazon-de-almendra\/#primaryimage\"},\"image\":{\"@id\":\"https:\/\/deli-flor.com\/store\/producto\/duo-corazon-de-almendra\/#primaryimage\"},\"thumbnailUrl\":\"https:\/\/i0.wp.com\/deli-flor.com\/store\/wp-content\/uploads\/2020\/09\/fusion-duo-corazon-almendra.jpg?fit=764%2C671&ssl=1\",\"datePublished\":\"2020-09-22T17:44:05+00:00\",\"dateModified\":\"2025-05-11T22:15:58+00:00\",\"description\":\"Env\u00eda Pasteles y flores a domicilio. Somos una tienda dedicada a crear detalles con dise\u00f1os exclusivos. Te ayudamos a crear la fusi\u00f3n Perfecta, elige entre nuestra gran variedad de productos como, flores, pasteles, plantas, peluches, dulces y muchas sorpresas m\u00e1s. Queremos Formar parte de tus momentos m\u00e1s especiales.\",\"breadcrumb\":{\"@id\":\"https:\/\/deli-flor.com\/store\/producto\/duo-corazon-de-almendra\/#breadcrumb\"},\"inLanguage\":\"es\",\"potentialAction\":[{\"@type\":\"ReadAction\",\"target\":[\"https:\/\/deli-flor.com\/store\/producto\/duo-corazon-de-almendra\/\"]}]},{\"@type\":\"ImageObject\",\"inLanguage\":\"es\",\"@id\":\"https:\/\/deli-flor.com\/store\/producto\/duo-corazon-de-almendra\/#primaryimage\",\"url\":\"https:\/\/i0.wp.com\/deli-flor.com\/store\/wp-content\/uploads\/2020\/09\/fusion-duo-corazon-almendra.jpg?fit=764%2C671&ssl=1\",\"contentUrl\":\"https:\/\/i0.wp.com\/deli-flor.com\/store\/wp-content\/uploads\/2020\/09\/fusion-duo-corazon-almendra.jpg?fit=764%2C671&ssl=1\",\"width\":764,\"height\":671},{\"@type\":\"BreadcrumbList\",\"@id\":\"https:\/\/deli-flor.com\/store\/producto\/duo-corazon-de-almendra\/#breadcrumb\",\"itemListElement\":[{\"@type\":\"ListItem\",\"position\":1,\"name\":\"Home\",\"item\":\"https:\/\/deli-flor.com\/store\/\"},{\"@type\":\"ListItem\",\"position\":2,\"name\":\"Nuestras colecciones\",\"item\":\"https:\/\/deli-flor.com\/store\/colecciones\/\"},{\"@type\":\"ListItem\",\"position\":3,\"name\":\"Duo Coraz\u00f3n de Almendra\"}]},{\"@type\":\"WebSite\",\"@id\":\"https:\/\/deli-flor.com\/store\/#website\",\"url\":\"https:\/\/deli-flor.com\/store\/\",\"name\":\"DELIFLOR\",\"description\":\"Flowers &amp; Cakes\",\"publisher\":{\"@id\":\"https:\/\/deli-flor.com\/store\/#organization\"},\"potentialAction\":[{\"@type\":\"SearchAction\",\"target\":{\"@type\":\"EntryPoint\",\"urlTemplate\":\"https:\/\/deli-flor.com\/store\/?s={search_term_string}\"},\"query-input\":{\"@type\":\"PropertyValueSpecification\",\"valueRequired\":true,\"valueName\":\"search_term_string\"}}],\"inLanguage\":\"es\"},{\"@type\":\"Organization\",\"@id\":\"https:\/\/deli-flor.com\/store\/#organization\",\"name\":\"DELI-FLOR\",\"url\":\"https:\/\/deli-flor.com\/store\/\",\"logo\":{\"@type\":\"ImageObject\",\"inLanguage\":\"es\",\"@id\":\"https:\/\/deli-flor.com\/store\/#\/schema\/logo\/image\/\",\"url\":\"https:\/\/i2.wp.com\/deli-flor.com\/store\/wp-content\/uploads\/2020\/09\/delifi.png?fit=2137%2C620&ssl=1\",\"contentUrl\":\"https:\/\/i2.wp.com\/deli-flor.com\/store\/wp-content\/uploads\/2020\/09\/delifi.png?fit=2137%2C620&ssl=1\",\"width\":2137,\"height\":620,\"caption\":\"DELI-FLOR\"},\"image\":{\"@id\":\"https:\/\/deli-flor.com\/store\/#\/schema\/logo\/image\/\"}}]}<\/script>\n<!-- \/ Yoast SEO plugin. -->","yoast_head_json":{"title":"Duo Coraz\u00f3n de Almendra - DELIFLOR","description":"Env\u00eda Pasteles y flores a domicilio. Somos una tienda dedicada a crear detalles con dise\u00f1os exclusivos. Te ayudamos a crear la fusi\u00f3n Perfecta, elige entre nuestra gran variedad de productos como, flores, pasteles, plantas, peluches, dulces y muchas sorpresas m\u00e1s. Queremos Formar parte de tus momentos m\u00e1s especiales.","robots":{"index":"index","follow":"follow","max-snippet":"max-snippet:-1","max-image-preview":"max-image-preview:large","max-video-preview":"max-video-preview:-1"},"canonical":"https:\/\/deli-flor.com\/store\/producto\/duo-corazon-de-almendra\/","og_locale":"es_MX","og_type":"article","og_title":"Duo Coraz\u00f3n de Almendra - DELIFLOR","og_description":"Env\u00eda Pasteles y flores a domicilio. Somos una tienda dedicada a crear detalles con dise\u00f1os exclusivos. Te ayudamos a crear la fusi\u00f3n Perfecta, elige entre nuestra gran variedad de productos como, flores, pasteles, plantas, peluches, dulces y muchas sorpresas m\u00e1s. Queremos Formar parte de tus momentos m\u00e1s especiales.","og_url":"https:\/\/deli-flor.com\/store\/producto\/duo-corazon-de-almendra\/","og_site_name":"DELIFLOR","article_modified_time":"2025-05-11T22:15:58+00:00","og_image":[{"width":764,"height":671,"url":"https:\/\/i0.wp.com\/deli-flor.com\/store\/wp-content\/uploads\/2020\/09\/fusion-duo-corazon-almendra.jpg?fit=764%2C671&ssl=1","type":"image\/jpeg"}],"twitter_card":"summary_large_image","twitter_misc":{"Tiempo de lectura":"1 minuto"},"schema":{"@context":"https:\/\/schema.org","@graph":[{"@type":"WebPage","@id":"https:\/\/deli-flor.com\/store\/producto\/duo-corazon-de-almendra\/","url":"https:\/\/deli-flor.com\/store\/producto\/duo-corazon-de-almendra\/","name":"Duo Coraz\u00f3n de Almendra - DELIFLOR","isPartOf":{"@id":"https:\/\/deli-flor.com\/store\/#website"},"primaryImageOfPage":{"@id":"https:\/\/deli-flor.com\/store\/producto\/duo-corazon-de-almendra\/#primaryimage"},"image":{"@id":"https:\/\/deli-flor.com\/store\/producto\/duo-corazon-de-almendra\/#primaryimage"},"thumbnailUrl":"https:\/\/i0.wp.com\/deli-flor.com\/store\/wp-content\/uploads\/2020\/09\/fusion-duo-corazon-almendra.jpg?fit=764%2C671&ssl=1","datePublished":"2020-09-22T17:44:05+00:00","dateModified":"2025-05-11T22:15:58+00:00","description":"Env\u00eda Pasteles y flores a domicilio. Somos una tienda dedicada a crear detalles con dise\u00f1os exclusivos. Te ayudamos a crear la fusi\u00f3n Perfecta, elige entre nuestra gran variedad de productos como, flores, pasteles, plantas, peluches, dulces y muchas sorpresas m\u00e1s. Queremos Formar parte de tus momentos m\u00e1s especiales.","breadcrumb":{"@id":"https:\/\/deli-flor.com\/store\/producto\/duo-corazon-de-almendra\/#breadcrumb"},"inLanguage":"es","potentialAction":[{"@type":"ReadAction","target":["https:\/\/deli-flor.com\/store\/producto\/duo-corazon-de-almendra\/"]}]},{"@type":"ImageObject","inLanguage":"es","@id":"https:\/\/deli-flor.com\/store\/producto\/duo-corazon-de-almendra\/#primaryimage","url":"https:\/\/i0.wp.com\/deli-flor.com\/store\/wp-content\/uploads\/2020\/09\/fusion-duo-corazon-almendra.jpg?fit=764%2C671&ssl=1","contentUrl":"https:\/\/i0.wp.com\/deli-flor.com\/store\/wp-content\/uploads\/2020\/09\/fusion-duo-corazon-almendra.jpg?fit=764%2C671&ssl=1","width":764,"height":671},{"@type":"BreadcrumbList","@id":"https:\/\/deli-flor.com\/store\/producto\/duo-corazon-de-almendra\/#breadcrumb","itemListElement":[{"@type":"ListItem","position":1,"name":"Home","item":"https:\/\/deli-flor.com\/store\/"},{"@type":"ListItem","position":2,"name":"Nuestras colecciones","item":"https:\/\/deli-flor.com\/store\/colecciones\/"},{"@type":"ListItem","position":3,"name":"Duo Coraz\u00f3n de Almendra"}]},{"@type":"WebSite","@id":"https:\/\/deli-flor.com\/store\/#website","url":"https:\/\/deli-flor.com\/store\/","name":"DELIFLOR","description":"Flowers &amp; Cakes","publisher":{"@id":"https:\/\/deli-flor.com\/store\/#organization"},"potentialAction":[{"@type":"SearchAction","target":{"@type":"EntryPoint","urlTemplate":"https:\/\/deli-flor.com\/store\/?s={search_term_string}"},"query-input":{"@type":"PropertyValueSpecification","valueRequired":true,"valueName":"search_term_string"}}],"inLanguage":"es"},{"@type":"Organization","@id":"https:\/\/deli-flor.com\/store\/#organization","name":"DELI-FLOR","url":"https:\/\/deli-flor.com\/store\/","logo":{"@type":"ImageObject","inLanguage":"es","@id":"https:\/\/deli-flor.com\/store\/#\/schema\/logo\/image\/","url":"https:\/\/i2.wp.com\/deli-flor.com\/store\/wp-content\/uploads\/2020\/09\/delifi.png?fit=2137%2C620&ssl=1","contentUrl":"https:\/\/i2.wp.com\/deli-flor.com\/store\/wp-content\/uploads\/2020\/09\/delifi.png?fit=2137%2C620&ssl=1","width":2137,"height":620,"caption":"DELI-FLOR"},"image":{"@id":"https:\/\/deli-flor.com\/store\/#\/schema\/logo\/image\/"}}]}},"jetpack_sharing_enabled":true,"_links":{"self":[{"href":"https:\/\/deli-flor.com\/store\/wp-json\/wp\/v2\/product\/961","targetHints":{"allow":["GET"]}}],"collection":[{"href":"https:\/\/deli-flor.com\/store\/wp-json\/wp\/v2\/product"}],"about":[{"href":"https:\/\/deli-flor.com\/store\/wp-json\/wp\/v2\/types\/product"}],"version-history":[{"count":2,"href":"https:\/\/deli-flor.com\/store\/wp-json\/wp\/v2\/product\/961\/revisions"}],"predecessor-version":[{"id":5145,"href":"https:\/\/deli-flor.com\/store\/wp-json\/wp\/v2\/product\/961\/revisions\/5145"}],"wp:featuredmedia":[{"embeddable":true,"href":"https:\/\/deli-flor.com\/store\/wp-json\/wp\/v2\/media\/962"}],"wp:attachment":[{"href":"https:\/\/deli-flor.com\/store\/wp-json\/wp\/v2\/media?parent=961"}],"wp:term":[{"taxonomy":"product_brand","embeddable":true,"href":"https:\/\/deli-flor.com\/store\/wp-json\/wp\/v2\/product_brand?post=961"},{"taxonomy":"product_cat","embeddable":true,"href":"https:\/\/deli-flor.com\/store\/wp-json\/wp\/v2\/product_cat?post=961"},{"taxonomy":"product_tag","embeddable":true,"href":"https:\/\/deli-flor.com\/store\/wp-json\/wp\/v2\/product_tag?post=961"}],"curies":[{"name":"wp","href":"https:\/\/api.w.org\/{rel}","templated":true}]}}