{"id":964,"date":"2020-09-22T12:47:47","date_gmt":"2020-09-22T17:47:47","guid":{"rendered":"https:\/\/deli-flor.com\/store\/?post_type=product&#038;p=964"},"modified":"2025-08-08T18:22:29","modified_gmt":"2025-08-09T00:22:29","slug":"duo-corazon-de-chocolate","status":"publish","type":"product","link":"https:\/\/deli-flor.com\/store\/producto\/duo-corazon-de-chocolate\/","title":{"rendered":"Duo Coraz\u00f3n de Chocolate"},"content":{"rendered":"<p>Hermoso detalle de duo en forma de coraz\u00f3n, mitad pastel de chocolate y mitad arreglo floral. \u00a0El pastel es para 15 personas aproximadamente.<\/p>\n<ul>\n<li>Si ordena antes de las 11 se entrega el mismo d\u00eda.<\/li>\n<li>Si ordena despu\u00e9s de las 11 se entrega al d\u00eda siguiente.<\/li>\n<\/ul>\n","protected":false},"excerpt":{"rendered":"<p>Hermoso detalle de duo en forma de coraz\u00f3n, mitad pastel de chocolate y mitad arreglo floral. \u00a0El pastel es para 15 personas aproximadamente. Si ordena antes de las 11 se entrega el mismo d\u00eda. Si ordena despu\u00e9s de las 11 se entrega al d\u00eda siguiente.<\/p>\n","protected":false},"featured_media":965,"template":"","meta":{"_themeisle_gutenberg_block_has_review":false,"_joinchat":[]},"product_brand":[],"product_cat":[43],"product_tag":[59,73,70,47,29],"class_list":{"0":"post-964","1":"product","2":"type-product","3":"status-publish","4":"has-post-thumbnail","6":"product_cat-fusiones","7":"product_tag-chocolate","8":"product_tag-corazon","9":"product_tag-fusiones","10":"product_tag-ocasiones","11":"product_tag-para-ella","13":"first","14":"instock","15":"shipping-taxable","16":"purchasable","17":"product-type-simple"},"yoast_head":"<!-- This site is optimized with the Yoast SEO plugin v27.2 - https:\/\/yoast.com\/product\/yoast-seo-wordpress\/ -->\n<title>Duo Coraz\u00f3n de Chocolate - DELIFLOR<\/title>\n<meta name=\"description\" content=\"Env\u00eda Pasteles y flores a domicilio. Somos una tienda dedicada a crear detalles con dise\u00f1os exclusivos. Te ayudamos a crear la fusi\u00f3n Perfecta, elige entre nuestra gran variedad de productos como, flores, pasteles, plantas, peluches, dulces y muchas sorpresas m\u00e1s. Queremos Formar parte de tus momentos m\u00e1s especiales.\" \/>\n<meta name=\"robots\" content=\"index, follow, max-snippet:-1, max-image-preview:large, max-video-preview:-1\" \/>\n<link rel=\"canonical\" href=\"https:\/\/deli-flor.com\/store\/producto\/duo-corazon-de-chocolate\/\" \/>\n<meta property=\"og:locale\" content=\"es_MX\" \/>\n<meta property=\"og:type\" content=\"article\" \/>\n<meta property=\"og:title\" content=\"Duo Coraz\u00f3n de Chocolate - DELIFLOR\" \/>\n<meta property=\"og:description\" content=\"Env\u00eda Pasteles y flores a domicilio. Somos una tienda dedicada a crear detalles con dise\u00f1os exclusivos. Te ayudamos a crear la fusi\u00f3n Perfecta, elige entre nuestra gran variedad de productos como, flores, pasteles, plantas, peluches, dulces y muchas sorpresas m\u00e1s. Queremos Formar parte de tus momentos m\u00e1s especiales.\" \/>\n<meta property=\"og:url\" content=\"https:\/\/deli-flor.com\/store\/producto\/duo-corazon-de-chocolate\/\" \/>\n<meta property=\"og:site_name\" content=\"DELIFLOR\" \/>\n<meta property=\"article:modified_time\" content=\"2025-08-09T00:22:29+00:00\" \/>\n<meta property=\"og:image\" content=\"https:\/\/deli-flor.com\/store\/wp-content\/uploads\/2020\/09\/fusion-duo-corazon-chocolate-01.jpg\" \/>\n\t<meta property=\"og:image:width\" content=\"1082\" \/>\n\t<meta property=\"og:image:height\" content=\"1082\" \/>\n\t<meta property=\"og:image:type\" content=\"image\/jpeg\" \/>\n<meta name=\"twitter:card\" content=\"summary_large_image\" \/>\n<script type=\"application\/ld+json\" class=\"yoast-schema-graph\">{\"@context\":\"https:\/\/schema.org\",\"@graph\":[{\"@type\":\"WebPage\",\"@id\":\"https:\/\/deli-flor.com\/store\/producto\/duo-corazon-de-chocolate\/\",\"url\":\"https:\/\/deli-flor.com\/store\/producto\/duo-corazon-de-chocolate\/\",\"name\":\"Duo Coraz\u00f3n de Chocolate - DELIFLOR\",\"isPartOf\":{\"@id\":\"https:\/\/deli-flor.com\/store\/#website\"},\"primaryImageOfPage\":{\"@id\":\"https:\/\/deli-flor.com\/store\/producto\/duo-corazon-de-chocolate\/#primaryimage\"},\"image\":{\"@id\":\"https:\/\/deli-flor.com\/store\/producto\/duo-corazon-de-chocolate\/#primaryimage\"},\"thumbnailUrl\":\"https:\/\/i0.wp.com\/deli-flor.com\/store\/wp-content\/uploads\/2020\/09\/fusion-duo-corazon-chocolate-01.jpg?fit=1082%2C1082&ssl=1\",\"datePublished\":\"2020-09-22T17:47:47+00:00\",\"dateModified\":\"2025-08-09T00:22:29+00:00\",\"description\":\"Env\u00eda Pasteles y flores a domicilio. Somos una tienda dedicada a crear detalles con dise\u00f1os exclusivos. Te ayudamos a crear la fusi\u00f3n Perfecta, elige entre nuestra gran variedad de productos como, flores, pasteles, plantas, peluches, dulces y muchas sorpresas m\u00e1s. Queremos Formar parte de tus momentos m\u00e1s especiales.\",\"breadcrumb\":{\"@id\":\"https:\/\/deli-flor.com\/store\/producto\/duo-corazon-de-chocolate\/#breadcrumb\"},\"inLanguage\":\"es\",\"potentialAction\":[{\"@type\":\"ReadAction\",\"target\":[\"https:\/\/deli-flor.com\/store\/producto\/duo-corazon-de-chocolate\/\"]}]},{\"@type\":\"ImageObject\",\"inLanguage\":\"es\",\"@id\":\"https:\/\/deli-flor.com\/store\/producto\/duo-corazon-de-chocolate\/#primaryimage\",\"url\":\"https:\/\/i0.wp.com\/deli-flor.com\/store\/wp-content\/uploads\/2020\/09\/fusion-duo-corazon-chocolate-01.jpg?fit=1082%2C1082&ssl=1\",\"contentUrl\":\"https:\/\/i0.wp.com\/deli-flor.com\/store\/wp-content\/uploads\/2020\/09\/fusion-duo-corazon-chocolate-01.jpg?fit=1082%2C1082&ssl=1\",\"width\":1082,\"height\":1082},{\"@type\":\"BreadcrumbList\",\"@id\":\"https:\/\/deli-flor.com\/store\/producto\/duo-corazon-de-chocolate\/#breadcrumb\",\"itemListElement\":[{\"@type\":\"ListItem\",\"position\":1,\"name\":\"Home\",\"item\":\"https:\/\/deli-flor.com\/store\/\"},{\"@type\":\"ListItem\",\"position\":2,\"name\":\"Nuestras colecciones\",\"item\":\"https:\/\/deli-flor.com\/store\/colecciones\/\"},{\"@type\":\"ListItem\",\"position\":3,\"name\":\"Duo Coraz\u00f3n de Chocolate\"}]},{\"@type\":\"WebSite\",\"@id\":\"https:\/\/deli-flor.com\/store\/#website\",\"url\":\"https:\/\/deli-flor.com\/store\/\",\"name\":\"DELIFLOR\",\"description\":\"Flowers &amp; Cakes\",\"publisher\":{\"@id\":\"https:\/\/deli-flor.com\/store\/#organization\"},\"potentialAction\":[{\"@type\":\"SearchAction\",\"target\":{\"@type\":\"EntryPoint\",\"urlTemplate\":\"https:\/\/deli-flor.com\/store\/?s={search_term_string}\"},\"query-input\":{\"@type\":\"PropertyValueSpecification\",\"valueRequired\":true,\"valueName\":\"search_term_string\"}}],\"inLanguage\":\"es\"},{\"@type\":\"Organization\",\"@id\":\"https:\/\/deli-flor.com\/store\/#organization\",\"name\":\"DELI-FLOR\",\"url\":\"https:\/\/deli-flor.com\/store\/\",\"logo\":{\"@type\":\"ImageObject\",\"inLanguage\":\"es\",\"@id\":\"https:\/\/deli-flor.com\/store\/#\/schema\/logo\/image\/\",\"url\":\"https:\/\/i2.wp.com\/deli-flor.com\/store\/wp-content\/uploads\/2020\/09\/delifi.png?fit=2137%2C620&ssl=1\",\"contentUrl\":\"https:\/\/i2.wp.com\/deli-flor.com\/store\/wp-content\/uploads\/2020\/09\/delifi.png?fit=2137%2C620&ssl=1\",\"width\":2137,\"height\":620,\"caption\":\"DELI-FLOR\"},\"image\":{\"@id\":\"https:\/\/deli-flor.com\/store\/#\/schema\/logo\/image\/\"}}]}<\/script>\n<!-- \/ Yoast SEO plugin. -->","yoast_head_json":{"title":"Duo Coraz\u00f3n de Chocolate - DELIFLOR","description":"Env\u00eda Pasteles y flores a domicilio. Somos una tienda dedicada a crear detalles con dise\u00f1os exclusivos. Te ayudamos a crear la fusi\u00f3n Perfecta, elige entre nuestra gran variedad de productos como, flores, pasteles, plantas, peluches, dulces y muchas sorpresas m\u00e1s. Queremos Formar parte de tus momentos m\u00e1s especiales.","robots":{"index":"index","follow":"follow","max-snippet":"max-snippet:-1","max-image-preview":"max-image-preview:large","max-video-preview":"max-video-preview:-1"},"canonical":"https:\/\/deli-flor.com\/store\/producto\/duo-corazon-de-chocolate\/","og_locale":"es_MX","og_type":"article","og_title":"Duo Coraz\u00f3n de Chocolate - DELIFLOR","og_description":"Env\u00eda Pasteles y flores a domicilio. Somos una tienda dedicada a crear detalles con dise\u00f1os exclusivos. Te ayudamos a crear la fusi\u00f3n Perfecta, elige entre nuestra gran variedad de productos como, flores, pasteles, plantas, peluches, dulces y muchas sorpresas m\u00e1s. Queremos Formar parte de tus momentos m\u00e1s especiales.","og_url":"https:\/\/deli-flor.com\/store\/producto\/duo-corazon-de-chocolate\/","og_site_name":"DELIFLOR","article_modified_time":"2025-08-09T00:22:29+00:00","og_image":[{"width":1082,"height":1082,"url":"https:\/\/deli-flor.com\/store\/wp-content\/uploads\/2020\/09\/fusion-duo-corazon-chocolate-01.jpg","type":"image\/jpeg"}],"twitter_card":"summary_large_image","schema":{"@context":"https:\/\/schema.org","@graph":[{"@type":"WebPage","@id":"https:\/\/deli-flor.com\/store\/producto\/duo-corazon-de-chocolate\/","url":"https:\/\/deli-flor.com\/store\/producto\/duo-corazon-de-chocolate\/","name":"Duo Coraz\u00f3n de Chocolate - DELIFLOR","isPartOf":{"@id":"https:\/\/deli-flor.com\/store\/#website"},"primaryImageOfPage":{"@id":"https:\/\/deli-flor.com\/store\/producto\/duo-corazon-de-chocolate\/#primaryimage"},"image":{"@id":"https:\/\/deli-flor.com\/store\/producto\/duo-corazon-de-chocolate\/#primaryimage"},"thumbnailUrl":"https:\/\/i0.wp.com\/deli-flor.com\/store\/wp-content\/uploads\/2020\/09\/fusion-duo-corazon-chocolate-01.jpg?fit=1082%2C1082&ssl=1","datePublished":"2020-09-22T17:47:47+00:00","dateModified":"2025-08-09T00:22:29+00:00","description":"Env\u00eda Pasteles y flores a domicilio. Somos una tienda dedicada a crear detalles con dise\u00f1os exclusivos. Te ayudamos a crear la fusi\u00f3n Perfecta, elige entre nuestra gran variedad de productos como, flores, pasteles, plantas, peluches, dulces y muchas sorpresas m\u00e1s. Queremos Formar parte de tus momentos m\u00e1s especiales.","breadcrumb":{"@id":"https:\/\/deli-flor.com\/store\/producto\/duo-corazon-de-chocolate\/#breadcrumb"},"inLanguage":"es","potentialAction":[{"@type":"ReadAction","target":["https:\/\/deli-flor.com\/store\/producto\/duo-corazon-de-chocolate\/"]}]},{"@type":"ImageObject","inLanguage":"es","@id":"https:\/\/deli-flor.com\/store\/producto\/duo-corazon-de-chocolate\/#primaryimage","url":"https:\/\/i0.wp.com\/deli-flor.com\/store\/wp-content\/uploads\/2020\/09\/fusion-duo-corazon-chocolate-01.jpg?fit=1082%2C1082&ssl=1","contentUrl":"https:\/\/i0.wp.com\/deli-flor.com\/store\/wp-content\/uploads\/2020\/09\/fusion-duo-corazon-chocolate-01.jpg?fit=1082%2C1082&ssl=1","width":1082,"height":1082},{"@type":"BreadcrumbList","@id":"https:\/\/deli-flor.com\/store\/producto\/duo-corazon-de-chocolate\/#breadcrumb","itemListElement":[{"@type":"ListItem","position":1,"name":"Home","item":"https:\/\/deli-flor.com\/store\/"},{"@type":"ListItem","position":2,"name":"Nuestras colecciones","item":"https:\/\/deli-flor.com\/store\/colecciones\/"},{"@type":"ListItem","position":3,"name":"Duo Coraz\u00f3n de Chocolate"}]},{"@type":"WebSite","@id":"https:\/\/deli-flor.com\/store\/#website","url":"https:\/\/deli-flor.com\/store\/","name":"DELIFLOR","description":"Flowers &amp; Cakes","publisher":{"@id":"https:\/\/deli-flor.com\/store\/#organization"},"potentialAction":[{"@type":"SearchAction","target":{"@type":"EntryPoint","urlTemplate":"https:\/\/deli-flor.com\/store\/?s={search_term_string}"},"query-input":{"@type":"PropertyValueSpecification","valueRequired":true,"valueName":"search_term_string"}}],"inLanguage":"es"},{"@type":"Organization","@id":"https:\/\/deli-flor.com\/store\/#organization","name":"DELI-FLOR","url":"https:\/\/deli-flor.com\/store\/","logo":{"@type":"ImageObject","inLanguage":"es","@id":"https:\/\/deli-flor.com\/store\/#\/schema\/logo\/image\/","url":"https:\/\/i2.wp.com\/deli-flor.com\/store\/wp-content\/uploads\/2020\/09\/delifi.png?fit=2137%2C620&ssl=1","contentUrl":"https:\/\/i2.wp.com\/deli-flor.com\/store\/wp-content\/uploads\/2020\/09\/delifi.png?fit=2137%2C620&ssl=1","width":2137,"height":620,"caption":"DELI-FLOR"},"image":{"@id":"https:\/\/deli-flor.com\/store\/#\/schema\/logo\/image\/"}}]}},"jetpack_sharing_enabled":true,"_links":{"self":[{"href":"https:\/\/deli-flor.com\/store\/wp-json\/wp\/v2\/product\/964","targetHints":{"allow":["GET"]}}],"collection":[{"href":"https:\/\/deli-flor.com\/store\/wp-json\/wp\/v2\/product"}],"about":[{"href":"https:\/\/deli-flor.com\/store\/wp-json\/wp\/v2\/types\/product"}],"version-history":[{"count":1,"href":"https:\/\/deli-flor.com\/store\/wp-json\/wp\/v2\/product\/964\/revisions"}],"predecessor-version":[{"id":967,"href":"https:\/\/deli-flor.com\/store\/wp-json\/wp\/v2\/product\/964\/revisions\/967"}],"wp:featuredmedia":[{"embeddable":true,"href":"https:\/\/deli-flor.com\/store\/wp-json\/wp\/v2\/media\/965"}],"wp:attachment":[{"href":"https:\/\/deli-flor.com\/store\/wp-json\/wp\/v2\/media?parent=964"}],"wp:term":[{"taxonomy":"product_brand","embeddable":true,"href":"https:\/\/deli-flor.com\/store\/wp-json\/wp\/v2\/product_brand?post=964"},{"taxonomy":"product_cat","embeddable":true,"href":"https:\/\/deli-flor.com\/store\/wp-json\/wp\/v2\/product_cat?post=964"},{"taxonomy":"product_tag","embeddable":true,"href":"https:\/\/deli-flor.com\/store\/wp-json\/wp\/v2\/product_tag?post=964"}],"curies":[{"name":"wp","href":"https:\/\/api.w.org\/{rel}","templated":true}]}}